{"id":30,"date":"2023-11-03T10:58:14","date_gmt":"2023-11-03T13:58:14","guid":{"rendered":"https:\/\/gfoxidacao.com.br\/site\/?post_type=product&#038;p=30"},"modified":"2023-11-03T11:41:39","modified_gmt":"2023-11-03T14:41:39","slug":"limpeza-de-pecas","status":"publish","type":"product","link":"https:\/\/gfoxidacao.com.br\/site\/index.php\/produto\/limpeza-de-pecas\/","title":{"rendered":"Limpeza de pe\u00e7as"},"content":{"rendered":"\n<p>O uso do desengraxante para\u00a0<em>limpeza de pe\u00e7as<\/em>\u00a0acelera o processo de limpeza e facilita os servi\u00e7os dos profissionais em manuten\u00e7\u00e3o e limpeza.<\/p>\n","protected":false},"excerpt":{"rendered":"<p>Uma limpeza bem feita, \u00e9 a a\u00e7\u00e3o mais importante para manter a qualidade e tempo de vida dos equipamentos.\u00a0<\/p>\n","protected":false},"featured_media":0,"template":"","meta":[],"product_cat":[16],"product_tag":[],"_links":{"self":[{"href":"https:\/\/gfoxidacao.com.br\/site\/index.php\/wp-json\/wp\/v2\/product\/30"}],"collection":[{"href":"https:\/\/gfoxidacao.com.br\/site\/index.php\/wp-json\/wp\/v2\/product"}],"about":[{"href":"https:\/\/gfoxidacao.com.br\/site\/index.php\/wp-json\/wp\/v2\/types\/product"}],"wp:attachment":[{"href":"https:\/\/gfoxidacao.com.br\/site\/index.php\/wp-json\/wp\/v2\/media?parent=30"}],"wp:term":[{"taxonomy":"product_cat","embeddable":true,"href":"https:\/\/gfoxidacao.com.br\/site\/index.php\/wp-json\/wp\/v2\/product_cat?post=30"},{"taxonomy":"product_tag","embeddable":true,"href":"https:\/\/gfoxidacao.com.br\/site\/index.php\/wp-json\/wp\/v2\/product_tag?post=30"}],"curies":[{"name":"wp","href":"https:\/\/api.w.org\/{rel}","templated":true}]}}